{"id":3361,"date":"2021-12-26T16:14:30","date_gmt":"2021-12-26T16:14:30","guid":{"rendered":"https:\/\/amrgeneva.com\/?page_id=3361"},"modified":"2022-01-09T14:57:33","modified_gmt":"2022-01-09T14:57:33","slug":"our-nfts","status":"publish","type":"page","link":"https:\/\/amrgeneva.com\/index.php\/our-nfts\/","title":{"rendered":"Our NFTs"},"content":{"rendered":"\t\t<div data-elementor-type=\"wp-post\" data-elementor-id=\"3361\" class=\"elementor elementor-3361\" data-elementor-settings=\"[]\">\n\t\t\t\t\t\t\t<div class=\"elementor-section-wrap\">\n\t\t\t\t\t\t\t<section class=\"elementor-section elementor-top-section elementor-element elementor-element-d75fce6 elementor-section-stretched elementor-section-full_width elementor-section-height-min-height elementor-section-content-middle elementor-hidden-mobile elementor-section-height-default elementor-section-items-middle\" data-id=\"d75fce6\" data-element_type=\"section\" data-settings=\"{&quot;stretch_section&quot;:&quot;section-stretched&quot;,&quot;background_background&quot;:&quot;classic&quot;}\">\n\t\t\t\t\t\t<div class=\"elementor-container elementor-column-gap-default\">\n\t\t\t\t\t<div class=\"elementor-column elementor-col-100 elementor-top-column elementor-element elementor-element-6119427\" data-id=\"6119427\" data-element_type=\"column\">\n\t\t\t<div class=\"elementor-widget-wrap\">\n\t\t\t\t\t\t\t\t\t<\/div>\n\t\t<\/div>\n\t\t\t\t\t\t\t<\/div>\n\t\t<\/section>\n\t\t\t\t<section class=\"elementor-section elementor-top-section elementor-element elementor-element-b90e44d elementor-section-boxed elementor-section-height-default elementor-section-height-default\" data-id=\"b90e44d\" data-element_type=\"section\">\n\t\t\t\t\t\t<div class=\"elementor-container elementor-column-gap-default\">\n\t\t\t\t\t<div class=\"elementor-column elementor-col-100 elementor-top-column elementor-element elementor-element-7eaf58e\" data-id=\"7eaf58e\" data-element_type=\"column\">\n\t\t\t<div class=\"elementor-widget-wrap elementor-element-populated\">\n\t\t\t\t\t\t\t\t<div class=\"elementor-element elementor-element-d68707c elementor-hidden-mobile elementor-widget elementor-widget-heading\" data-id=\"d68707c\" data-element_type=\"widget\" data-widget_type=\"heading.default\">\n\t\t\t\t<div class=\"elementor-widget-container\">\n\t\t\t<style>\/*! elementor - v3.5.3 - 28-12-2021 *\/\n.elementor-heading-title{padding:0;margin:0;line-height:1}.elementor-widget-heading .elementor-heading-title[class*=elementor-size-]>a{color:inherit;font-size:inherit;line-height:inherit}.elementor-widget-heading .elementor-heading-title.elementor-size-small{font-size:15px}.elementor-widget-heading .elementor-heading-title.elementor-size-medium{font-size:19px}.elementor-widget-heading .elementor-heading-title.elementor-size-large{font-size:29px}.elementor-widget-heading .elementor-heading-title.elementor-size-xl{font-size:39px}.elementor-widget-heading .elementor-heading-title.elementor-size-xxl{font-size:59px}<\/style><h1 class=\"elementor-heading-title elementor-size-default\">Our NFT's<\/h1>\t\t<\/div>\n\t\t\t\t<\/div>\n\t\t\t\t<div class=\"elementor-element elementor-element-bbb8c5e elementor-hidden-desktop elementor-widget elementor-widget-heading\" data-id=\"bbb8c5e\" data-element_type=\"widget\" data-widget_type=\"heading.default\">\n\t\t\t\t<div class=\"elementor-widget-container\">\n\t\t\t<h1 class=\"elementor-heading-title elementor-size-default\">Our NFT's<\/h1>\t\t<\/div>\n\t\t\t\t<\/div>\n\t\t\t\t\t<\/div>\n\t\t<\/div>\n\t\t\t\t\t\t\t<\/div>\n\t\t<\/section>\n\t\t\t\t<section class=\"elementor-section elementor-top-section elementor-element elementor-element-69a1f19 elementor-section-boxed elementor-section-height-default elementor-section-height-default\" data-id=\"69a1f19\" data-element_type=\"section\">\n\t\t\t\t\t\t<div class=\"elementor-container elementor-column-gap-default\">\n\t\t\t\t\t<div class=\"elementor-column elementor-col-25 elementor-top-column elementor-element elementor-element-72f158b\" data-id=\"72f158b\" data-element_type=\"column\">\n\t\t\t<div class=\"elementor-widget-wrap elementor-element-populated\">\n\t\t\t\t\t\t\t\t<div class=\"elementor-element elementor-element-f3888dc elementor-widget elementor-widget-image\" data-id=\"f3888dc\" data-element_type=\"widget\" data-widget_type=\"image.default\">\n\t\t\t\t<div class=\"elementor-widget-container\">\n\t\t\t<style>\/*! elementor - v3.5.3 - 28-12-2021 *\/\n.elementor-widget-image{text-align:center}.elementor-widget-image a{display:inline-block}.elementor-widget-image a img[src$=\".svg\"]{width:48px}.elementor-widget-image img{vertical-align:middle;display:inline-block}<\/style>\t\t\t\t\t\t\t\t\t\t\t\t\t<a href=\"https:\/\/amrgeneva.com\/index.php\/moma\/\">\n\t\t\t\t\t\t\t<img width=\"300\" height=\"300\" src=\"https:\/\/amrgeneva.com\/wp-content\/uploads\/2022\/01\/Orange-and-Yellow-Illustrated-International-Museum-Day-Social-Media-Poster-300x300.png\" class=\"attachment-medium size-medium\" alt=\"\" loading=\"lazy\" srcset=\"https:\/\/amrgeneva.com\/wp-content\/uploads\/2022\/01\/Orange-and-Yellow-Illustrated-International-Museum-Day-Social-Media-Poster-300x300.png 300w, https:\/\/amrgeneva.com\/wp-content\/uploads\/2022\/01\/Orange-and-Yellow-Illustrated-International-Museum-Day-Social-Media-Poster-1024x1024.png 1024w, https:\/\/amrgeneva.com\/wp-content\/uploads\/2022\/01\/Orange-and-Yellow-Illustrated-International-Museum-Day-Social-Media-Poster-150x150.png 150w, https:\/\/amrgeneva.com\/wp-content\/uploads\/2022\/01\/Orange-and-Yellow-Illustrated-International-Museum-Day-Social-Media-Poster-768x768.png 768w, https:\/\/amrgeneva.com\/wp-content\/uploads\/2022\/01\/Orange-and-Yellow-Illustrated-International-Museum-Day-Social-Media-Poster-323x323.png 323w, https:\/\/amrgeneva.com\/wp-content\/uploads\/2022\/01\/Orange-and-Yellow-Illustrated-International-Museum-Day-Social-Media-Poster-440x440.png 440w, https:\/\/amrgeneva.com\/wp-content\/uploads\/2022\/01\/Orange-and-Yellow-Illustrated-International-Museum-Day-Social-Media-Poster-675x675.png 675w, https:\/\/amrgeneva.com\/wp-content\/uploads\/2022\/01\/Orange-and-Yellow-Illustrated-International-Museum-Day-Social-Media-Poster-544x544.png 544w, https:\/\/amrgeneva.com\/wp-content\/uploads\/2022\/01\/Orange-and-Yellow-Illustrated-International-Museum-Day-Social-Media-Poster.png 1080w\" sizes=\"(max-width: 300px) 100vw, 300px\" \/>\t\t\t\t\t\t\t\t<\/a>\n\t\t\t\t\t\t\t\t\t\t\t\t\t\t\t<\/div>\n\t\t\t\t<\/div>\n\t\t\t\t<div class=\"elementor-element elementor-element-84b03d0 elementor-widget elementor-widget-text-editor\" data-id=\"84b03d0\" data-element_type=\"widget\" data-widget_type=\"text-editor.default\">\n\t\t\t\t<div class=\"elementor-widget-container\">\n\t\t\t<style>\/*! elementor - v3.5.3 - 28-12-2021 *\/\n.elementor-widget-text-editor.elementor-drop-cap-view-stacked .elementor-drop-cap{background-color:#818a91;color:#fff}.elementor-widget-text-editor.elementor-drop-cap-view-framed .elementor-drop-cap{color:#818a91;border:3px solid;background-color:transparent}.elementor-widget-text-editor:not(.elementor-drop-cap-view-default) .elementor-drop-cap{margin-top:8px}.elementor-widget-text-editor:not(.elementor-drop-cap-view-default) .elementor-drop-cap-letter{width:1em;height:1em}.elementor-widget-text-editor .elementor-drop-cap{float:left;text-align:center;line-height:1;font-size:50px}.elementor-widget-text-editor .elementor-drop-cap-letter{display:inline-block}<\/style>\t\t\t\t84 NFTs<br>\nAMR &amp; CH\u00c2TEAUX Special edition, MoMA &#8211; The Museum of Modern Art. New York.\t\t\t\t\t\t<\/div>\n\t\t\t\t<\/div>\n\t\t\t\t\t<\/div>\n\t\t<\/div>\n\t\t\t\t<div class=\"elementor-column elementor-col-25 elementor-top-column elementor-element elementor-element-c3b3b3b\" data-id=\"c3b3b3b\" data-element_type=\"column\">\n\t\t\t<div class=\"elementor-widget-wrap elementor-element-populated\">\n\t\t\t\t\t\t\t\t<div class=\"elementor-element elementor-element-1b02b28 elementor-widget elementor-widget-image\" data-id=\"1b02b28\" data-element_type=\"widget\" data-widget_type=\"image.default\">\n\t\t\t\t<div class=\"elementor-widget-container\">\n\t\t\t\t\t\t\t\t\t\t\t\t\t\t\t\t<a href=\"https:\/\/amrgeneva.com\/index.php\/orsay\/\">\n\t\t\t\t\t\t\t<img width=\"300\" height=\"300\" src=\"https:\/\/amrgeneva.com\/wp-content\/uploads\/2022\/01\/orsay-300x300.png\" class=\"attachment-medium size-medium\" alt=\"\" loading=\"lazy\" srcset=\"https:\/\/amrgeneva.com\/wp-content\/uploads\/2022\/01\/orsay-300x300.png 300w, https:\/\/amrgeneva.com\/wp-content\/uploads\/2022\/01\/orsay-1024x1024.png 1024w, https:\/\/amrgeneva.com\/wp-content\/uploads\/2022\/01\/orsay-150x150.png 150w, https:\/\/amrgeneva.com\/wp-content\/uploads\/2022\/01\/orsay-768x768.png 768w, https:\/\/amrgeneva.com\/wp-content\/uploads\/2022\/01\/orsay-323x323.png 323w, https:\/\/amrgeneva.com\/wp-content\/uploads\/2022\/01\/orsay-440x440.png 440w, https:\/\/amrgeneva.com\/wp-content\/uploads\/2022\/01\/orsay-675x675.png 675w, https:\/\/amrgeneva.com\/wp-content\/uploads\/2022\/01\/orsay-544x544.png 544w, https:\/\/amrgeneva.com\/wp-content\/uploads\/2022\/01\/orsay.png 1080w\" sizes=\"(max-width: 300px) 100vw, 300px\" \/>\t\t\t\t\t\t\t\t<\/a>\n\t\t\t\t\t\t\t\t\t\t\t\t\t\t\t<\/div>\n\t\t\t\t<\/div>\n\t\t\t\t<div class=\"elementor-element elementor-element-3013a12 elementor-widget elementor-widget-text-editor\" data-id=\"3013a12\" data-element_type=\"widget\" data-widget_type=\"text-editor.default\">\n\t\t\t\t<div class=\"elementor-widget-container\">\n\t\t\t\t\t\t\t14 NFTs<br>\nAMR &amp; CH\u00c2TEAUX <br>Mus\u00e9e d&#8217;Orsay, Paris\t\t\t\t\t\t<\/div>\n\t\t\t\t<\/div>\n\t\t\t\t\t<\/div>\n\t\t<\/div>\n\t\t\t\t<div class=\"elementor-column elementor-col-25 elementor-top-column elementor-element elementor-element-44e773e\" data-id=\"44e773e\" data-element_type=\"column\">\n\t\t\t<div class=\"elementor-widget-wrap elementor-element-populated\">\n\t\t\t\t\t\t\t\t<div class=\"elementor-element elementor-element-5fc769b elementor-widget elementor-widget-image\" data-id=\"5fc769b\" data-element_type=\"widget\" data-widget_type=\"image.default\">\n\t\t\t\t<div class=\"elementor-widget-container\">\n\t\t\t\t\t\t\t\t\t\t\t\t\t\t\t\t<a href=\"https:\/\/amrgeneva.com\/index.php\/van-gogh-amsterdam\/\">\n\t\t\t\t\t\t\t<img width=\"300\" height=\"300\" src=\"https:\/\/amrgeneva.com\/wp-content\/uploads\/2022\/01\/van-gogh-300x300.png\" class=\"attachment-medium size-medium\" alt=\"\" loading=\"lazy\" srcset=\"https:\/\/amrgeneva.com\/wp-content\/uploads\/2022\/01\/van-gogh-300x300.png 300w, https:\/\/amrgeneva.com\/wp-content\/uploads\/2022\/01\/van-gogh-1024x1024.png 1024w, https:\/\/amrgeneva.com\/wp-content\/uploads\/2022\/01\/van-gogh-150x150.png 150w, https:\/\/amrgeneva.com\/wp-content\/uploads\/2022\/01\/van-gogh-768x768.png 768w, https:\/\/amrgeneva.com\/wp-content\/uploads\/2022\/01\/van-gogh-323x323.png 323w, https:\/\/amrgeneva.com\/wp-content\/uploads\/2022\/01\/van-gogh-440x440.png 440w, https:\/\/amrgeneva.com\/wp-content\/uploads\/2022\/01\/van-gogh-675x675.png 675w, https:\/\/amrgeneva.com\/wp-content\/uploads\/2022\/01\/van-gogh-544x544.png 544w, https:\/\/amrgeneva.com\/wp-content\/uploads\/2022\/01\/van-gogh.png 1080w\" sizes=\"(max-width: 300px) 100vw, 300px\" \/>\t\t\t\t\t\t\t\t<\/a>\n\t\t\t\t\t\t\t\t\t\t\t\t\t\t\t<\/div>\n\t\t\t\t<\/div>\n\t\t\t\t<div class=\"elementor-element elementor-element-f00db2b elementor-widget elementor-widget-text-editor\" data-id=\"f00db2b\" data-element_type=\"widget\" data-widget_type=\"text-editor.default\">\n\t\t\t\t<div class=\"elementor-widget-container\">\n\t\t\t\t\t\t\t24 NFTs\n<br>\nAMR &amp; CH\u00c2TEAUX <br> Mus\u00e9e Van Gogh &#8211; Amsterdam\t\t\t\t\t\t<\/div>\n\t\t\t\t<\/div>\n\t\t\t\t\t<\/div>\n\t\t<\/div>\n\t\t\t\t<div class=\"elementor-column elementor-col-25 elementor-top-column elementor-element elementor-element-d98d82b\" data-id=\"d98d82b\" data-element_type=\"column\">\n\t\t\t<div class=\"elementor-widget-wrap elementor-element-populated\">\n\t\t\t\t\t\t\t\t<div class=\"elementor-element elementor-element-ab211d6 elementor-widget elementor-widget-image\" data-id=\"ab211d6\" data-element_type=\"widget\" data-widget_type=\"image.default\">\n\t\t\t\t<div class=\"elementor-widget-container\">\n\t\t\t\t\t\t\t\t\t\t\t\t\t\t\t\t<a href=\"https:\/\/amrgeneva.com\/index.php\/lugano\/\">\n\t\t\t\t\t\t\t<img width=\"300\" height=\"300\" src=\"https:\/\/amrgeneva.com\/wp-content\/uploads\/2022\/01\/chagall-300x300.png\" class=\"attachment-medium size-medium\" alt=\"\" loading=\"lazy\" srcset=\"https:\/\/amrgeneva.com\/wp-content\/uploads\/2022\/01\/chagall-300x300.png 300w, https:\/\/amrgeneva.com\/wp-content\/uploads\/2022\/01\/chagall-1024x1024.png 1024w, https:\/\/amrgeneva.com\/wp-content\/uploads\/2022\/01\/chagall-150x150.png 150w, https:\/\/amrgeneva.com\/wp-content\/uploads\/2022\/01\/chagall-768x768.png 768w, https:\/\/amrgeneva.com\/wp-content\/uploads\/2022\/01\/chagall-323x323.png 323w, https:\/\/amrgeneva.com\/wp-content\/uploads\/2022\/01\/chagall-440x440.png 440w, https:\/\/amrgeneva.com\/wp-content\/uploads\/2022\/01\/chagall-675x675.png 675w, https:\/\/amrgeneva.com\/wp-content\/uploads\/2022\/01\/chagall-544x544.png 544w, https:\/\/amrgeneva.com\/wp-content\/uploads\/2022\/01\/chagall.png 1080w\" sizes=\"(max-width: 300px) 100vw, 300px\" \/>\t\t\t\t\t\t\t\t<\/a>\n\t\t\t\t\t\t\t\t\t\t\t\t\t\t\t<\/div>\n\t\t\t\t<\/div>\n\t\t\t\t<div class=\"elementor-element elementor-element-457d5f4 elementor-widget elementor-widget-text-editor\" data-id=\"457d5f4\" data-element_type=\"widget\" data-widget_type=\"text-editor.default\">\n\t\t\t\t<div class=\"elementor-widget-container\">\n\t\t\t\t\t\t\t5 NFTs\n<br>\nAMR &amp; CH\u00c2TEAUX <br> Mus\u00e9e d&#8217;art moderne, Lugano\t\t\t\t\t\t<\/div>\n\t\t\t\t<\/div>\n\t\t\t\t\t<\/div>\n\t\t<\/div>\n\t\t\t\t\t\t\t<\/div>\n\t\t<\/section>\n\t\t\t\t<section class=\"elementor-section elementor-top-section elementor-element elementor-element-eef088c elementor-section-boxed elementor-section-height-default elementor-section-height-default\" data-id=\"eef088c\" data-element_type=\"section\">\n\t\t\t\t\t\t<div class=\"elementor-container elementor-column-gap-default\">\n\t\t\t\t\t<div class=\"elementor-column elementor-col-25 elementor-top-column elementor-element elementor-element-375d7c2\" data-id=\"375d7c2\" data-element_type=\"column\">\n\t\t\t<div class=\"elementor-widget-wrap elementor-element-populated\">\n\t\t\t\t\t\t\t\t<div class=\"elementor-element elementor-element-7091fb5 elementor-widget elementor-widget-image\" data-id=\"7091fb5\" data-element_type=\"widget\" data-widget_type=\"image.default\">\n\t\t\t\t<div class=\"elementor-widget-container\">\n\t\t\t\t\t\t\t\t\t\t\t\t\t\t\t\t<a href=\"https:\/\/amrgeneva.com\/index.php\/wine-art-museum\/\">\n\t\t\t\t\t\t\t<img width=\"300\" height=\"300\" src=\"https:\/\/amrgeneva.com\/wp-content\/uploads\/2022\/01\/wine-300x300.png\" class=\"attachment-medium size-medium\" alt=\"\" loading=\"lazy\" srcset=\"https:\/\/amrgeneva.com\/wp-content\/uploads\/2022\/01\/wine-300x300.png 300w, https:\/\/amrgeneva.com\/wp-content\/uploads\/2022\/01\/wine-1024x1024.png 1024w, https:\/\/amrgeneva.com\/wp-content\/uploads\/2022\/01\/wine-150x150.png 150w, https:\/\/amrgeneva.com\/wp-content\/uploads\/2022\/01\/wine-768x768.png 768w, https:\/\/amrgeneva.com\/wp-content\/uploads\/2022\/01\/wine-323x323.png 323w, https:\/\/amrgeneva.com\/wp-content\/uploads\/2022\/01\/wine-440x440.png 440w, https:\/\/amrgeneva.com\/wp-content\/uploads\/2022\/01\/wine-675x675.png 675w, https:\/\/amrgeneva.com\/wp-content\/uploads\/2022\/01\/wine-544x544.png 544w, https:\/\/amrgeneva.com\/wp-content\/uploads\/2022\/01\/wine.png 1080w\" sizes=\"(max-width: 300px) 100vw, 300px\" \/>\t\t\t\t\t\t\t\t<\/a>\n\t\t\t\t\t\t\t\t\t\t\t\t\t\t\t<\/div>\n\t\t\t\t<\/div>\n\t\t\t\t<div class=\"elementor-element elementor-element-a05bdfc elementor-widget elementor-widget-text-editor\" data-id=\"a05bdfc\" data-element_type=\"widget\" data-widget_type=\"text-editor.default\">\n\t\t\t\t<div class=\"elementor-widget-container\">\n\t\t\t\t\t\t\t7 NFTs\n<br>\nAMR &amp; CH\u00c2TEAUX <br> Art Museum Wine.\t\t\t\t\t\t<\/div>\n\t\t\t\t<\/div>\n\t\t\t\t\t<\/div>\n\t\t<\/div>\n\t\t\t\t<div class=\"elementor-column elementor-col-25 elementor-top-column elementor-element elementor-element-5e48db1\" data-id=\"5e48db1\" data-element_type=\"column\">\n\t\t\t<div class=\"elementor-widget-wrap\">\n\t\t\t\t\t\t\t\t\t<\/div>\n\t\t<\/div>\n\t\t\t\t<div class=\"elementor-column elementor-col-25 elementor-top-column elementor-element elementor-element-2d9aec9\" data-id=\"2d9aec9\" data-element_type=\"column\">\n\t\t\t<div class=\"elementor-widget-wrap\">\n\t\t\t\t\t\t\t\t\t<\/div>\n\t\t<\/div>\n\t\t\t\t<div class=\"elementor-column elementor-col-25 elementor-top-column elementor-element elementor-element-12254d1\" data-id=\"12254d1\" data-element_type=\"column\">\n\t\t\t<div class=\"elementor-widget-wrap\">\n\t\t\t\t\t\t\t\t\t<\/div>\n\t\t<\/div>\n\t\t\t\t\t\t\t<\/div>\n\t\t<\/section>\n\t\t\t\t\t\t<\/div>\n\t\t\t\t\t<\/div>\n\t\t","protected":false},"excerpt":{"rendered":"<p>Our NFT&#8217;s Our NFT&#8217;s 84 NFTs AMR &amp; CH\u00c2TEAUX Special edition, MoMA &#8211; The Museum of Modern Art. New York. 14 NFTs AMR &amp; CH\u00c2TEAUX Mus\u00e9e d&#8217;Orsay, Paris 24 NFTs AMR &amp; CH\u00c2TEAUX Mus\u00e9e Van Gogh &#8211; Amsterdam 5 NFTs AMR &amp; CH\u00c2TEAUX Mus\u00e9e d&#8217;art moderne, Lugano 7 NFTs AMR &amp; CH\u00c2TEAUX Art Museum Wine.<\/p>\n","protected":false},"author":1,"featured_media":0,"parent":0,"menu_order":0,"comment_status":"closed","ping_status":"closed","template":"","meta":[],"_links":{"self":[{"href":"https:\/\/amrgeneva.com\/index.php\/wp-json\/wp\/v2\/pages\/3361"}],"collection":[{"href":"https:\/\/amrgeneva.com\/index.php\/wp-json\/wp\/v2\/pages"}],"about":[{"href":"https:\/\/amrgeneva.com\/index.php\/wp-json\/wp\/v2\/types\/page"}],"author":[{"embeddable":true,"href":"https:\/\/amrgeneva.com\/index.php\/wp-json\/wp\/v2\/users\/1"}],"replies":[{"embeddable":true,"href":"https:\/\/amrgeneva.com\/index.php\/wp-json\/wp\/v2\/comments?post=3361"}],"version-history":[{"count":0,"href":"https:\/\/amrgeneva.com\/index.php\/wp-json\/wp\/v2\/pages\/3361\/revisions"}],"wp:attachment":[{"href":"https:\/\/amrgeneva.com\/index.php\/wp-json\/wp\/v2\/media?parent=3361"}],"curies":[{"name":"wp","href":"https:\/\/api.w.org\/{rel}","templated":true}]}}